{"id":586,"date":"2016-02-19T11:12:35","date_gmt":"2016-02-19T09:12:35","guid":{"rendered":"http:\/\/divulgacionibmc.umh.es\/?page_id=586"},"modified":"2017-03-08T12:40:14","modified_gmt":"2017-03-08T10:40:14","slug":"xiii-jornada-de-ciencia-con-tapas-dermocosmetica-molecular-y-la-busqueda-de-la-eterna-juventud","status":"publish","type":"page","link":"https:\/\/divulgacionibmc.umh.es\/en\/ciencia-con-tapas\/xiii-jornada-de-ciencia-con-tapas-dermocosmetica-molecular-y-la-busqueda-de-la-eterna-juventud\/","title":{"rendered":"<span lang=\"es\">(Espa\u00f1ol) XIII Jornada de Ciencia con tapas. Dermocosm\u00e9tica molecular y la b\u00fasqueda de la eterna juventud<\/span>"},"content":{"rendered":"<p class=\"qtranxs-available-languages-message qtranxs-available-languages-message-en\">Sorry, this entry is only available in <a href=\"https:\/\/divulgacionibmc.umh.es\/es\/wp-json\/wp\/v2\/pages\/586\" class=\"qtranxs-available-language-link qtranxs-available-language-link-es\" title=\"Espa\u00f1ol\">European Spanish<\/a>.<\/p>","protected":false},"excerpt":{"rendered":"<p>Sorry, this entry is only available in European Spanish.<\/p>\n","protected":false},"author":540,"featured_media":0,"parent":52,"menu_order":14,"comment_status":"closed","ping_status":"closed","template":"","meta":{"ngg_post_thumbnail":0,"_links_to":"","_links_to_target":""},"_links":{"self":[{"href":"https:\/\/divulgacionibmc.umh.es\/en\/wp-json\/wp\/v2\/pages\/586"}],"collection":[{"href":"https:\/\/divulgacionibmc.umh.es\/en\/wp-json\/wp\/v2\/pages"}],"about":[{"href":"https:\/\/divulgacionibmc.umh.es\/en\/wp-json\/wp\/v2\/types\/page"}],"author":[{"embeddable":true,"href":"https:\/\/divulgacionibmc.umh.es\/en\/wp-json\/wp\/v2\/users\/540"}],"replies":[{"embeddable":true,"href":"https:\/\/divulgacionibmc.umh.es\/en\/wp-json\/wp\/v2\/comments?post=586"}],"version-history":[{"count":0,"href":"https:\/\/divulgacionibmc.umh.es\/en\/wp-json\/wp\/v2\/pages\/586\/revisions"}],"up":[{"embeddable":true,"href":"https:\/\/divulgacionibmc.umh.es\/en\/wp-json\/wp\/v2\/pages\/52"}],"wp:attachment":[{"href":"https:\/\/divulgacionibmc.umh.es\/en\/wp-json\/wp\/v2\/media?parent=586"}],"curies":[{"name":"wp","href":"https:\/\/api.w.org\/{rel}","templated":true}]}}