{"id":452,"date":"2015-05-13T12:04:05","date_gmt":"2015-05-13T10:04:05","guid":{"rendered":"http:\/\/divulgacionibmc.umh.es\/?page_id=452"},"modified":"2016-05-09T13:02:04","modified_gmt":"2016-05-09T11:02:04","slug":"x-jornada-ciencia-con-tapas-alimentacion-saludable-mitos-y-fabulas","status":"publish","type":"page","link":"https:\/\/divulgacionibmc.umh.es\/en\/ciencia-con-tapas\/x-jornada-ciencia-con-tapas-alimentacion-saludable-mitos-y-fabulas\/","title":{"rendered":"<span lang=\"es\">(Espa\u00f1ol) X Jornada Ciencia con tapas. Alimentaci\u00f3n saludable: mitos y f\u00e1bulas<\/span>"},"content":{"rendered":"<p class=\"qtranxs-available-languages-message qtranxs-available-languages-message-en\">Sorry, this entry is only available in <a href=\"https:\/\/divulgacionibmc.umh.es\/es\/wp-json\/wp\/v2\/pages\/452\" class=\"qtranxs-available-language-link qtranxs-available-language-link-es\" title=\"Espa\u00f1ol\">European Spanish<\/a>.<\/p>","protected":false},"excerpt":{"rendered":"<p>Sorry, this entry is only available in European Spanish.<\/p>\n","protected":false},"author":540,"featured_media":0,"parent":52,"menu_order":11,"comment_status":"closed","ping_status":"closed","template":"","meta":{"ngg_post_thumbnail":0,"_links_to":"","_links_to_target":""},"_links":{"self":[{"href":"https:\/\/divulgacionibmc.umh.es\/en\/wp-json\/wp\/v2\/pages\/452"}],"collection":[{"href":"https:\/\/divulgacionibmc.umh.es\/en\/wp-json\/wp\/v2\/pages"}],"about":[{"href":"https:\/\/divulgacionibmc.umh.es\/en\/wp-json\/wp\/v2\/types\/page"}],"author":[{"embeddable":true,"href":"https:\/\/divulgacionibmc.umh.es\/en\/wp-json\/wp\/v2\/users\/540"}],"replies":[{"embeddable":true,"href":"https:\/\/divulgacionibmc.umh.es\/en\/wp-json\/wp\/v2\/comments?post=452"}],"version-history":[{"count":0,"href":"https:\/\/divulgacionibmc.umh.es\/en\/wp-json\/wp\/v2\/pages\/452\/revisions"}],"up":[{"embeddable":true,"href":"https:\/\/divulgacionibmc.umh.es\/en\/wp-json\/wp\/v2\/pages\/52"}],"wp:attachment":[{"href":"https:\/\/divulgacionibmc.umh.es\/en\/wp-json\/wp\/v2\/media?parent=452"}],"curies":[{"name":"wp","href":"https:\/\/api.w.org\/{rel}","templated":true}]}}