{"id":7,"date":"2013-06-28T09:47:06","date_gmt":"2013-06-28T07:47:06","guid":{"rendered":"http:\/\/divulgacionibmc.zeus.umh.es\/presentacion-2\/"},"modified":"2013-07-02T16:03:20","modified_gmt":"2013-07-02T14:03:20","slug":"presentacion-2","status":"publish","type":"page","link":"https:\/\/divulgacionibmc.umh.es\/ca\/presentacion-2\/","title":{"rendered":"Presentaci\u00f3"},"content":{"rendered":"<p>Benvinguts al blog de divulgaci\u00f3 de l&#8217;Institut de Biologia Molecular i Cel.lular. Des del *IBMC volem compartir les nostres activitats, il\u00b7lusions i resultats amb vosaltres. Ac\u00ed podr\u00e0s trobar ci\u00e8ncia, cultura i molt m\u00e9s.<\/p>\n<div class='bookmarkify'><a name='bookmarkify'><\/a><div class='linkbuttons'><a href='http:\/\/www.facebook.com\/share.php?u=https:\/\/divulgacionibmc.umh.es\/ca\/presentacion-2\/' title='Save to Facebook' onclick='target=\"_blank\";' rel='nofollow'><img src='https:\/\/divulgacionibmc.umh.es\/wp-content\/plugins\/bookmarkify\/facebook.png' style='width:16px; height:16px;' alt='[Facebook] ' \/><\/a> <a href='http:\/\/www.linkedin.com\/shareArticle?mini=true&url=https:\/\/divulgacionibmc.umh.es\/ca\/presentacion-2\/&title=Presentaci\u00f3' title='Share on LinkedIn' onclick='target=\"_blank\";' rel='nofollow'><img src='https:\/\/divulgacionibmc.umh.es\/wp-content\/plugins\/bookmarkify\/linkedin.png' style='width:16px; height:16px;' alt='[LinkedIn] ' \/><\/a> <a href='http:\/\/twitter.com\/home\/?status=Presentaci\u00f3+https:\/\/divulgacionibmc.umh.es\/ca\/presentacion-2\/' title='Save to Twitter' onclick='target=\"_blank\";' rel='nofollow'><img src='https:\/\/divulgacionibmc.umh.es\/wp-content\/plugins\/bookmarkify\/twitter.png' style='width:16px; height:16px;' alt='[Twitter] ' \/><\/a> <\/div><\/div>","protected":false},"excerpt":{"rendered":"<p>Benvinguts al blog de divulgaci\u00f3 de l&#8217;Institut de Biologia Molecular i Cel.lular. Des del *IBMC volem compartir les nostres activitats, il\u00b7lusions i resultats amb vosaltres. Ac\u00ed podr\u00e0s trobar ci\u00e8ncia, cultura i molt m\u00e9s.<\/p>\n","protected":false},"author":1,"featured_media":0,"parent":0,"menu_order":0,"comment_status":"closed","ping_status":"open","template":"","meta":{"ngg_post_thumbnail":0,"_links_to":"","_links_to_target":""},"_links":{"self":[{"href":"https:\/\/divulgacionibmc.umh.es\/ca\/wp-json\/wp\/v2\/pages\/7"}],"collection":[{"href":"https:\/\/divulgacionibmc.umh.es\/ca\/wp-json\/wp\/v2\/pages"}],"about":[{"href":"https:\/\/divulgacionibmc.umh.es\/ca\/wp-json\/wp\/v2\/types\/page"}],"author":[{"embeddable":true,"href":"https:\/\/divulgacionibmc.umh.es\/ca\/wp-json\/wp\/v2\/users\/1"}],"replies":[{"embeddable":true,"href":"https:\/\/divulgacionibmc.umh.es\/ca\/wp-json\/wp\/v2\/comments?post=7"}],"version-history":[{"count":0,"href":"https:\/\/divulgacionibmc.umh.es\/ca\/wp-json\/wp\/v2\/pages\/7\/revisions"}],"wp:attachment":[{"href":"https:\/\/divulgacionibmc.umh.es\/ca\/wp-json\/wp\/v2\/media?parent=7"}],"curies":[{"name":"wp","href":"https:\/\/api.w.org\/{rel}","templated":true}]}}