{"id":600,"date":"2016-05-09T12:46:56","date_gmt":"2016-05-09T10:46:56","guid":{"rendered":"http:\/\/divulgacionibmc.umh.es\/?page_id=600"},"modified":"2016-05-09T12:46:56","modified_gmt":"2016-05-09T10:46:56","slug":"xv-jornada-de-ciencia-con-tapas-zika-ebola-y-chikunguna-los-virus-que-salieron-del-bosque","status":"publish","type":"page","link":"https:\/\/divulgacionibmc.umh.es\/ca\/ciencia-con-tapas\/xv-jornada-de-ciencia-con-tapas-zika-ebola-y-chikunguna-los-virus-que-salieron-del-bosque\/","title":{"rendered":"<span lang=\"es\">(Espa\u00f1ol) XV Jornada de Ciencia con tapas. Zika, \u00c9bola y Chikungu\u00f1a: los virus que salieron del bosque<\/span>"},"content":{"rendered":"<p class=\"qtranxs-available-languages-message qtranxs-available-languages-message-ca\">Ho sentim, aquesta entrada es troba disponible \u00fanicament en <a href=\"https:\/\/divulgacionibmc.umh.es\/es\/wp-json\/wp\/v2\/pages\/600\" class=\"qtranxs-available-language-link qtranxs-available-language-link-es\" title=\"Espa\u00f1ol\">Espanyol Europeu<\/a>.<\/p>","protected":false},"excerpt":{"rendered":"<p>Ho sentim, aquesta entrada es troba disponible \u00fanicament en Espanyol Europeu.<\/p>\n","protected":false},"author":540,"featured_media":0,"parent":52,"menu_order":16,"comment_status":"closed","ping_status":"open","template":"","meta":{"ngg_post_thumbnail":0,"_links_to":"","_links_to_target":""},"_links":{"self":[{"href":"https:\/\/divulgacionibmc.umh.es\/ca\/wp-json\/wp\/v2\/pages\/600"}],"collection":[{"href":"https:\/\/divulgacionibmc.umh.es\/ca\/wp-json\/wp\/v2\/pages"}],"about":[{"href":"https:\/\/divulgacionibmc.umh.es\/ca\/wp-json\/wp\/v2\/types\/page"}],"author":[{"embeddable":true,"href":"https:\/\/divulgacionibmc.umh.es\/ca\/wp-json\/wp\/v2\/users\/540"}],"replies":[{"embeddable":true,"href":"https:\/\/divulgacionibmc.umh.es\/ca\/wp-json\/wp\/v2\/comments?post=600"}],"version-history":[{"count":0,"href":"https:\/\/divulgacionibmc.umh.es\/ca\/wp-json\/wp\/v2\/pages\/600\/revisions"}],"up":[{"embeddable":true,"href":"https:\/\/divulgacionibmc.umh.es\/ca\/wp-json\/wp\/v2\/pages\/52"}],"wp:attachment":[{"href":"https:\/\/divulgacionibmc.umh.es\/ca\/wp-json\/wp\/v2\/media?parent=600"}],"curies":[{"name":"wp","href":"https:\/\/api.w.org\/{rel}","templated":true}]}}