{"id":361,"date":"2015-02-05T16:25:20","date_gmt":"2015-02-05T14:25:20","guid":{"rendered":"https:\/\/divulgacionibmc.umh.es\/?page_id=361"},"modified":"2016-05-09T13:01:50","modified_gmt":"2016-05-09T11:01:50","slug":"viii-jornada-marketing-pseudocientifico-realidad-o-fantasia","status":"publish","type":"page","link":"https:\/\/divulgacionibmc.umh.es\/ca\/ciencia-con-tapas\/viii-jornada-marketing-pseudocientifico-realidad-o-fantasia\/","title":{"rendered":"<span lang=\"es\">(Espa\u00f1ol) VIII Jornada. Marketing pseudocient\u00edfico: realidad o fantas\u00eda<\/span>"},"content":{"rendered":"<p class=\"qtranxs-available-languages-message qtranxs-available-languages-message-ca\">Ho sentim, aquesta entrada es troba disponible \u00fanicament en <a href=\"https:\/\/divulgacionibmc.umh.es\/es\/wp-json\/wp\/v2\/pages\/361\" class=\"qtranxs-available-language-link qtranxs-available-language-link-es\" title=\"Espa\u00f1ol\">Espanyol Europeu<\/a>.<\/p>","protected":false},"excerpt":{"rendered":"<p>Ho sentim, aquesta entrada es troba disponible \u00fanicament en Espanyol Europeu.<\/p>\n","protected":false},"author":540,"featured_media":0,"parent":52,"menu_order":9,"comment_status":"closed","ping_status":"closed","template":"","meta":{"ngg_post_thumbnail":0,"_links_to":"","_links_to_target":""},"_links":{"self":[{"href":"https:\/\/divulgacionibmc.umh.es\/ca\/wp-json\/wp\/v2\/pages\/361"}],"collection":[{"href":"https:\/\/divulgacionibmc.umh.es\/ca\/wp-json\/wp\/v2\/pages"}],"about":[{"href":"https:\/\/divulgacionibmc.umh.es\/ca\/wp-json\/wp\/v2\/types\/page"}],"author":[{"embeddable":true,"href":"https:\/\/divulgacionibmc.umh.es\/ca\/wp-json\/wp\/v2\/users\/540"}],"replies":[{"embeddable":true,"href":"https:\/\/divulgacionibmc.umh.es\/ca\/wp-json\/wp\/v2\/comments?post=361"}],"version-history":[{"count":0,"href":"https:\/\/divulgacionibmc.umh.es\/ca\/wp-json\/wp\/v2\/pages\/361\/revisions"}],"up":[{"embeddable":true,"href":"https:\/\/divulgacionibmc.umh.es\/ca\/wp-json\/wp\/v2\/pages\/52"}],"wp:attachment":[{"href":"https:\/\/divulgacionibmc.umh.es\/ca\/wp-json\/wp\/v2\/media?parent=361"}],"curies":[{"name":"wp","href":"https:\/\/api.w.org\/{rel}","templated":true}]}}